{"id":158,"date":"2023-03-01T21:08:55","date_gmt":"2023-03-01T20:08:55","guid":{"rendered":"https:\/\/www.rosmarino-rostock.de\/?page_id=158"},"modified":"2023-03-23T13:03:34","modified_gmt":"2023-03-23T12:03:34","slug":"privacy","status":"publish","type":"page","link":"https:\/\/www.rosmarino-rostock.de\/en\/privacy\/","title":{"rendered":"Privacy"},"content":{"rendered":"<section class=\"l-section wpb_row us_custom_6c457f2e height_small full_height valign_center width_full with_slider\"><div class=\"l-section-slider\"><div class=\"w-slider style_none fit_cover nav_none count_3\"><div class=\"w-slider-h\"><div class=\"royalSlider\"><div class=\"rsContent\"><a class=\"rsImg\" data-rsw=\"1200\" data-rsh=\"800\" href=\"https:\/\/www.rosmarino-rostock.de\/wp-content\/uploads\/2023\/02\/Steakhouse_Restaurant_Rostock_Stadthafen_Aussenansicht_2.jpg\"><span data-alt=\"\"><\/span><\/a><\/div><div class=\"rsContent\"><a class=\"rsImg\" data-rsw=\"1707\" data-rsh=\"2560\" href=\"https:\/\/www.rosmarino-rostock.de\/wp-content\/uploads\/2023\/02\/steakhaus-rostock-rosmarino-0008-scaled.jpg\"><span data-alt=\"\"><\/span><\/a><\/div><div class=\"rsContent\"><a class=\"rsImg\" data-rsw=\"960\" data-rsh=\"720\" href=\"https:\/\/www.rosmarino-rostock.de\/wp-content\/uploads\/2023\/02\/Steakhouse_Restaurant_Rostock_Stadthafen_Bar_2.jpg\"><span data-alt=\"\"><\/span><\/a><\/div><\/div><img decoding=\"async\" src=\"https:\/\/www.rosmarino-rostock.de\/wp-content\/uploads\/2023\/02\/Steakhouse_Restaurant_Rostock_Stadthafen_Aussenansicht_2.jpg\" width=\"1200\" height=\"800\" alt loading=\"lazy\"><\/div><div class=\"w-slider-json\" onclick='return {&quot;autoScaleSlider&quot;:true,&quot;addActiveClass&quot;:true,&quot;loop&quot;:true,&quot;fadeInLoadedSlide&quot;:false,&quot;slidesSpacing&quot;:0,&quot;imageScalePadding&quot;:0,&quot;numImagesToPreload&quot;:2,&quot;arrowsNav&quot;:false,&quot;arrowsNavAutoHide&quot;:false,&quot;transitionType&quot;:&quot;move&quot;,&quot;transitionSpeed&quot;:1000,&quot;block&quot;:{&quot;moveEffect&quot;:&quot;none&quot;,&quot;speed&quot;:300},&quot;thumbs&quot;:{&quot;fitInViewport&quot;:false,&quot;firstMargin&quot;:false,&quot;spacing&quot;:4},&quot;controlNavigation&quot;:&quot;none&quot;,&quot;autoplay&quot;:{&quot;enabled&quot;:true,&quot;pauseOnHover&quot;:false,&quot;delay&quot;:3000},&quot;autoScaleSliderWidth&quot;:1200,&quot;autoScaleSliderHeight&quot;:800}'><\/div><\/div><\/div><div class=\"l-section-h i-cf\"><div class=\"g-cols vc_row via_grid cols_1 laptops-cols_inherit tablets-cols_inherit mobiles-cols_1 valign_top type_default stacking_default\"><div class=\"wpb_column vc_column_container\"><div class=\"vc_column-inner\"><\/div><\/div><\/div><\/div><\/section><section class=\"l-section wpb_row height_small\"><div class=\"l-section-h i-cf\"><div class=\"g-cols vc_row via_grid cols_1 laptops-cols_inherit tablets-cols_inherit mobiles-cols_1 valign_top type_default stacking_default\"><div class=\"wpb_column vc_column_container\"><div class=\"vc_column-inner\">[vc_custom_heading text=&#8221;Privacy&#8221; font_container=&#8221;tag:h1|text_align:left&#8221; use_theme_fonts=&#8221;yes&#8221;]<div class=\"wpb_text_column\"><div class=\"wpb_wrapper\"><h2>Datenschutzhinweise<\/h2>\n<p>Wir, die <strong>Rosmarino OHG<\/strong>, verarbeitet personenbezogene Daten. Dies erfolgt gem\u00e4\u00df den Bestimmungen der Europ\u00e4ischen Datenschutzgrundverordnung und des neuen Bundesdatenschutzgesetzes.<br \/>\nWir m\u00f6chten Sie nachfolgend \u00fcber die Verarbeitung personenbezogener Daten im Rahmen der Nutzung unserer Internetseiten informieren.<\/p>\n<h3>Verantwortlicher<\/h3>\n<p><strong>Verantwortlicher<\/strong> f\u00fcr diese Internetseiten ist<br \/>\n<strong>Rosmarino OHG<\/strong><br \/>\nS. Pirini und R. Pinna<br \/>\nAdresse: Am Strande 3, 18055 Rostock<br \/>\nTelefon: 0381 2523090<br \/>\nWeitere Angaben zu unserem Unternehmen und den vertretungsberechtigten Personen k\u00f6nnen Sie unserem Impressum entnehmen.<\/p>\n<h3>Welche Daten werden verarbeitet?<\/h3>\n<h3>Rechtsgrundlagen der Datenverarbeitung<\/h3>\n<p>Um Ihnen unsere Internetseite und die damit verbundenen Dienstleistungen anbieten zu k\u00f6nnen, verarbeiten wir personenbezogene Daten auf Basis folgender Rechtsgrundlagen:<\/p>\n<ol>\n<li><strong>Einwilligung<\/strong> (Art. 6 Abs. 1 lit. a) DSGVO)<\/li>\n<li>zur <strong>Erf\u00fcllung von Vertr\u00e4gen<\/strong> (Art. 6 Abs. 1 lit. b) DSGVO<\/li>\n<li>auf Basis einer <strong>Interessenabw\u00e4gung<\/strong> (Art. 6 Abs. 1 lit. f) DSGVO)<\/li>\n<li>zur Erf\u00fcllung einer <strong>rechtlichen Verpflichtung<\/strong> (Art. 6 Abs. 1 lit. c) DSGVO)<\/li>\n<\/ol>\n<p>Wir werden im Zusammenhang mit der jeweiligen Verarbeitung auf die entsprechenden Begrifflichkeiten Bezug nehmen, so dass Sie einordnen k\u00f6nnen, auf welcher Basis wir personenbezogene Daten verarbeiten.<\/p>\n<p>Wenn personenbezogene Daten auf Grundlage einer <strong>Einwilligung<\/strong> von Ihnen verarbeitet werden, haben Sie das Recht, die Einwilligung jederzeit mit Wirkung f\u00fcr die Zukunft uns gegen\u00fcber zu <strong>widerrufen<\/strong>.<\/p>\n<p>Wenn wir Daten auf Basis einer <strong>Interessenabw\u00e4gung<\/strong> verarbeiten, haben Sie als Betroffene\/r das Recht, unter Ber\u00fccksichtigung der Vorgaben von Art. 21 DSGVO der Verarbeitung der personenbezogenen Daten zu <strong>widersprechen<\/strong>.<\/p>\n<h4>Zugriffsdaten<\/h4>\n<p>Wenn Sie unsere Internetseiten besuchen, werden personenbezogene Daten verarbeitet, um Ihnen die Inhalte der Internetseite auf Ihrem Endger\u00e4t anzeigen zu k\u00f6nnen.<br \/>\nDamit die Seiten in Ihrem Browser dargestellt werden k\u00f6nnen, muss die IP-Adresse des von Ihnen verwendeten Endger\u00e4ts verarbeitet werden. Hinzu kommen weitere Information \u00fcber den Browser Ihres Endger\u00e4ts.<br \/>\nWir sind datenschutzrechtlich verpflichtet, auch die Vertraulichkeit und Integrit\u00e4t der mit unseren IT-Systemen verarbeiteten personenbezogenen Daten zu gew\u00e4hrleisten.<br \/>\nF\u00fcr diesen Zweck und aus diesem Interesse werden auf Basis einer Interessenabw\u00e4gung nachfolgende Daten protokolliert:<\/p>\n<ul>\n<li>IP-Adresse des aufrufenden Rechners (f\u00fcr maximal 7 Tage)<\/li>\n<li>Betriebssystem des aufrufenden Rechners<\/li>\n<li>Browser Version des aufrufenden Rechners<\/li>\n<li>Name der abgerufenen Datei<\/li>\n<li>Datum und Uhrzeit des Abrufs<\/li>\n<li>\u00fcbertragene Datenmenge<\/li>\n<li>Verweisende URL<\/li>\n<\/ul>\n<p>Die IP-Adresse wird nach sp\u00e4testens 7 Tagen von allen Systemen, die im Zusammenhang mit dem Betrieb dieser Internetseiten verwendet werden, gel\u00f6scht. Einen Personenbezug k\u00f6nnen wir aus den verbleibenden Daten dann nicht mehr herstellen.<br \/>\nDie Daten werden ferner auch verwendet, um Fehler auf den Internetseiten ermitteln und beheben zu k\u00f6nnen.<\/p>\n<h4>Kontaktformular<\/h4>\n<p>Wir bieten auf unserer Internetseite ein Kontaktformular an, \u00fcber das Sie Informationen zu unseren Produkten oder Dienstleistungen anfordern oder allgemein Kontakt aufnehmen k\u00f6nnen. Die von Ihnen zwingend zur Beantwortung einer Anfrage erforderlichen Daten haben wir als Pflichtfelder gekennzeichnet. Angaben zu weiteren Datenfeldern sind freiwillig.<\/p>\n<p>Wir ben\u00f6tigen diese Angaben, um Ihre Anfrage zu bearbeiten, Sie korrekt anzusprechen und Ihnen eine Antwort zukommen zu lassen. Die Datenverarbeitung erfolgt bei konkreten Anfragen zur Erf\u00fcllung eines Vertrages bzw. der Vertragsanbahnung. Bei allgemeinen Anfragen erfolgt die Verarbeitung auf Basis einer Interessenabw\u00e4gung.<br \/>\nAnfragen, die \u00fcber das Kontaktformular unserer Internetseite eingehen, werden bei uns elektronisch verarbeitet, um Ihre Anfrage zu beantworten. In dem Zusammenhang erhalten ggf. auch weitere Personen oder Abteilungen und ggf. Dritte Kenntnis von den Formularinhalten, die Sie \u00fcbersendet haben.<br \/>\nDie \u00dcbermittlung der Formular-Daten \u00fcber das Internet erfolgt \u00fcber verschl\u00fcsselte Verbindungen.<\/p>\n<p>Wenn Sie uns per Kontaktformular Anfragen zukommen lassen, werden Ihre Angaben aus dem Anfrageformular inklusive der von Ihnen dort angegebenen Kontaktdaten zwecks Bearbeitung der Anfrage und f\u00fcr den Fall von Anschlussfragen bei uns gespeichert. Diese Daten geben wir nicht ohne Ihre Einwilligung weiter.<\/p>\n<p>Die Verarbeitung der in das Kontaktformular eingegebenen Daten erfolgt somit ausschlie\u00dflich auf Grundlage Ihrer Einwilligung (Art. 6 Abs. 1 lit. a DSGVO). Sie k\u00f6nnen diese Einwilligung jederzeit widerrufen. Dazu reicht eine formlose Mitteilung per E-Mail an uns. Die Rechtm\u00e4\u00dfigkeit der bis zum Widerruf erfolgten Datenverarbeitungsvorg\u00e4nge bleibt vom Widerruf unber\u00fchrt.<\/p>\n<p>Die von Ihnen im Kontaktformular eingegebenen Daten verbleiben bei uns, bis Sie uns zur L\u00f6schung auffordern, Ihre Einwilligung zur Speicherung widerrufen oder der Zweck f\u00fcr die Datenspeicherung entf\u00e4llt (z.B. nach abgeschlossener Bearbeitung Ihrer Anfrage). Zwingende gesetzliche Bestimmungen \u2013 insbesondere Aufbewahrungsfristen \u2013 bleiben unber\u00fchrt.<\/p>\n<h3>Cookies<\/h3>\n<p>Auf unseren Internetseiten kommen Cookies zum Einsatz. Cookies sind kleine Textinformationen, die \u00fcber ihren Browser in Ihrem Endger\u00e4t gespeichert werden. Die Cookies sind erforderlich, um bestimmte Funktionen unserer Internetseiten zu erm\u00f6glichen.<br \/>\nWir nutzen dabei sowohl Session-Cookies, die unmittelbar nach Beendigung des Besuchs der Internetseiten automatisch von Ihrem Browser gel\u00f6scht werden.<br \/>\nIm Bereich der Webanalyse setzen wir aber auch sog. persistente Cookies ein, die nicht automatisch nach Beendigung des Besuchs unserer Internetseite gel\u00f6scht werden.<br \/>\nSie haben die M\u00f6glichkeit, das Setzen von Cookies durch entsprechende Einstellungen in Ihrem Browser zu unterbinden. Wir weisen jedoch darauf hin, dass die Nutzung unserer Internetseiten dann ggf. nur eingeschr\u00e4nkt m\u00f6glich ist. Durch Cookies werden keine Programme oder sonstige Applikationen auf Ihrem Rechner installiert oder gestartet.<br \/>\nDer Einsatz von Cookies erfolgt auf Basis einer Interessenabw\u00e4gung. Unser Interesse ist der bedienungsfreundliche Besuch unserer Internetseiten.<\/p>\n<h3>Zwecke der Verarbeitung personenbezogener Daten<\/h3>\n<p>Die vorgenannten Daten verarbeiten wir f\u00fcr den Betrieb unserer Internetseite und f\u00fcr Erf\u00fcllung von vertraglichen Pflichten gegen\u00fcber unseren Kunden bzw. der Wahrung unserer berechtigten Interessen.<\/p>\n<p>Bei Anfragen von Ihnen au\u00dferhalb eines aktiven Kundenverh\u00e4ltnisses verarbeiten wir die Daten f\u00fcr Zwecke des Vertriebs und der Werbung. Sie k\u00f6nnen einer Verwendung Ihrer personenbezogenen Daten f\u00fcr Werbezwecke jederzeit widersprechen.<\/p>\n<p>Datenerfassung von G\u00e4sten, Besuchern, Auftraggebern und Kunden<\/p>\n<p>Die Erhebung, Verarbeitung und Speicherung Ihrer personenbezogenen Daten erfolgt nur f\u00fcr die hier ausdr\u00fccklich genannten Zwecke.<\/p>\n<p>Wir verarbeiten die jeweils angegeben und abgefragten Daten, wie Name, Vorname, Anschrift, Telefonnummer, e \u2013mail, Geburtsdatum (bei Ausrichtung von Feierlichkeiten)<\/p>\n<p>Soweit uns eine freiwillige Einwilligung zur Erhebung und Verarbeitung von personenbezogenen Daten f\u00fcr bestimmte, vorher genannte Zwecke erteilt wurde, ist die Rechtm\u00e4\u00dfigkeit dieser Erhebung und Verarbeitung auf Basis der freiwilligen Einwilligung gegeben. Eine erteilte Einwilligung kann jederzeit widerrufen werden. Der Widerruf der Einwilligung ber\u00fchrt nicht die Rechtm\u00e4\u00dfigkeit der bis zum Widerruf verarbeiteten Daten.<\/p>\n<p>Im Rahmen unserer Gesch\u00e4ftst\u00e4tigkeit verarbeiten wir personenbezogenen Daten f\u00fcr die folgenden Zwecke:<\/p>\n<p><strong>a. zur Durchf\u00fchrung von vorvertraglichen Ma\u00dfnahmen <\/strong><br \/>\nRechtsgrundlage Art. 6 Abs. 1 b, 2. Alt. DSGVO.<br \/>\nDurchf\u00fchrung einer Interessentenverwaltung<br \/>\nVerarbeitung der personenbezogenen Daten zur Anbahnung eines\u00a0 Bewirtungs &#8211; Servicevertrages<\/p>\n<p><strong>b. zur Erf\u00fcllung von vertraglichen Pflichten<\/strong><br \/>\nRechtsgrundlage : Art. 6 Abs. 1 b, 1. Alt. DSGVO.<br \/>\nErbringung von Dienstleistungen f\u00fcr Kunden und Auftraggeber<br \/>\nVerarbeitung der personenbezogenen Daten zur Erf\u00fcllung der Leistungen\u00a0 eines Dienstleistungsvertrages<br \/>\nGeltendmachung rechtlicher Anspr\u00fcche und Verteidigung bei rechtlichen Streitigkeiten<\/p>\n<p><strong>c. Im Rahmen der Interessenabw\u00e4gung <\/strong><br \/>\nRechtsgrundlage: Art. 6 Abs. 1 f DSGVO:<br \/>\nSoweit erforderlich, verarbeiten wir personenbezogene Daten \u00fcber die eigentliche Erf\u00fcllung des Vertrages oder der vorvertraglichen Ma\u00dfnahmen hinaus zur Wahrung berechtigter Interessen von uns oder von Dritten.<\/p>\n<p>Gew\u00e4hrleistung der IT-Sicherheit und des IT-Betriebs unseres Unternehmens<br \/>\nVerhinderung und Aufkl\u00e4rung von Straftaten (insbesondere beim Betrieb von Videoaufkl\u00e4rungsger\u00e4ten)<\/p>\n<p>Ma\u00dfnahmen zur Geb\u00e4ude- und Anlagensicherheit (z.B. Zutrittskontrollen mithilfe elektronischer Schlie\u00dfanlagen soweit vorhanden)<\/p>\n<p>aus statistischen Gr\u00fcnden im Sinne des Erw\u00e4gungsgrundes 162 der DSGVO<\/p>\n<p>Gem\u00e4\u00df Art. 21 Abs. 4 in Verbindung mit Abs. 1 und 2 DSGVO k\u00f6nnen Sie jederzeit Widerspruch gegen die Verarbeitung Sie betreffender personenbezogenen Daten einlegen.<\/p>\n<h3>Freiwillige Angaben<\/h3>\n<p>Soweit Sie Daten uns gegen\u00fcber z.B. in Formularen freiwillig angeben und diese f\u00fcr die Erf\u00fcllung unserer vertraglichen Pflichten nicht erforderlich sind, verarbeiten wir diese Daten in der berechtigten Annahme, dass die Verarbeitung und Verwendung dieser Daten in Ihrem Interesse ist.<\/p>\n<h3>Empf\u00e4nger \/ Weitergabe von Daten<\/h3>\n<p>Daten, die Sie uns gegen\u00fcber angeben, werden grunds\u00e4tzlich nicht an Dritte weitergegeben. Insbesondere werden Ihre Daten nicht an Dritte f\u00fcr deren Werbezwecke weitergegeben.<br \/>\nWir setzen jedoch ggf. Dienstleister f\u00fcr den Betrieb dieser Internetseiten oder f\u00fcr weitere Produkte oder Dienstleistungen von uns ein. Hier kann es vorkommen, dass ein Dienstleister Kenntnis von personenbezogenen Daten erh\u00e4lt.<\/p>\n<p>Dies betrifft vor allem die Firma:<br \/>\nPSN Media Gmbh und Co,KG\u00a0 , Steinstrasse 6<br \/>\n18055 Rostock , 0381-44441844, info@psnmedia.de<\/p>\n<p>Wir w\u00e4hlen unsere Dienstleister sorgf\u00e4ltig \u2013 insbesondere im Hinblick auf Datenschutz und Datensicherheit \u2013 aus und treffen alle datenschutzrechtlich erforderlichen Ma\u00dfnahmen f\u00fcr eine zul\u00e4ssige Datenverarbeitung.<\/p>\n<h3>Datenverarbeitung au\u00dferhalb der Europ\u00e4ischen Union<\/h3>\n<p>Soweit personenbezogene Daten au\u00dferhalb der europ\u00e4ischen Union verarbeitet werden, k\u00f6nnen Sie dies den vorherigen Ausf\u00fchrungen entnehmen.<\/p>\n<h3>Ihre Rechte als Betroffene\/r<\/h3>\n<p>Jede betroffene Person hat die folgenden Datenschutzrechte nach der DSGVO und dem BDSG-neu:<br \/>\nRecht auf Auskunft nach Art. 15 DSGVO<br \/>\nRecht zur Berichtigung unrichtiger Daten nach Art. 16 DSGVO<br \/>\nRecht auf L\u00f6schung nach Art. 17 DSGVO<br \/>\nRecht auf Einschr\u00e4nkung der Verarbeitung nach Art. 18 DSGVO<br \/>\nRecht auf Daten\u00fcbertragbarkeit nach Art. 20 DSGVO<br \/>\nRecht auf Widerspruch nach Art. 21 DSGVO<\/p>\n<p>Beschwerderecht bei einer zust\u00e4ndigen Datenschutzaufsichtsbeh\u00f6rde nach Art. 77 DSGVO in Verbindung mit \u00a7 19 BDSG-neu<\/p>\n<p>Sie haben das Recht auf Auskunft \u00fcber die Sie betreffenden personenbezogenen Daten. Sie k\u00f6nnen sich f\u00fcr eine Auskunft jederzeit an uns wenden.<\/p>\n<p>Bei einer Auskunftsanfrage, die nicht schriftlich erfolgt, bitten wir um Verst\u00e4ndnis daf\u00fcr, dass wir ggf. Nachweise von Ihnen verlangen, die belegen, dass Sie die Person sind, f\u00fcr die Sie sich ausgeben.<\/p>\n<p>Ferner haben Sie ein Recht auf Berichtigung oder L\u00f6schung oder auf Einschr\u00e4nkung der Verarbeitung, soweit Ihnen dies gesetzlich zusteht.<\/p>\n<p>Schlie\u00dflich haben Sie ein Widerspruchsrecht gegen die Verarbeitung im Rahmen der gesetzlichen Vorgaben. Gleiches gilt f\u00fcr ein Recht auf Daten\u00fcbertragbarkeit.<\/p>\n<h3>L\u00f6schung von Daten<\/h3>\n<p>Wir l\u00f6schen personenbezogene Daten grunds\u00e4tzlich dann, wenn kein Erfordernis f\u00fcr eine weitere Speicherung besteht. Ein Erfordernis kann insbesondere dann bestehen, wenn die Daten noch ben\u00f6tigt werden, um vertragliche Leistungen zur erf\u00fcllen, Gew\u00e4hrleistungs- und ggf. Garantieanspr\u00fcche pr\u00fcfen und gew\u00e4hren oder abwehren zu k\u00f6nnen. Im Falle von gesetzlichen Aufbewahrungspflichten kommt eine L\u00f6schung erst nach Ablauf der jeweiligen Aufbewahrungspflicht in Betracht.<\/p>\n<p>Wir speichern Ihre Daten nur so lange, wie sie f\u00fcr die Erf\u00fcllung des Zwecks, zu dem sie erhoben wurden (bspw. im Rahmen eines Vertragsverh\u00e4ltnisses) erforderlich sind oder sofern dies gesetzlich vorgesehen ist. So speichern wir im Rahmen eines Vertragsverh\u00e4ltnisses Ihre Daten mindestens bis zur vollst\u00e4ndigen Beendigung des Vertrages. Anschlie\u00dfend werden die Daten f\u00fcr die Dauer der gesetzlichen Aufbewahrungsfristen aufbewahrt.<\/p>\n<p>Nach Entfallen des jeweiligen Verarbeitungs- und Nutzungszweckes gelten einschl\u00e4gige gesetzliche Aufbewahrungsfristen gem\u00e4\u00df BGB, HGB, AO und DSGVO.<\/p>\n<p>Bei Notwendigkeit der Erhaltung von Beweismitteln etwa im Rahmen gerichtlicher Verfahren wird auf folgende Speicherungsfristen hingewiesen: Die Verj\u00e4hrungsfristen des B\u00fcrgerlichen Gesetzbuches (BGB) k\u00f6nnen bei Vorhandensein eines gerichtlichen Titels bis zu 30 Jahre betragen (\u00a7 197 Nr. 3 BGB). Sofern kein gerichtlicher Titel gegen die betroffene Person erwirkt wurde, greift die regelm\u00e4\u00dfige Verj\u00e4hrungsfrist von drei Jahren (\u00a7 195 BGB).<\/p>\n<h3>Beschwerderecht bei einer Aufsichtsbeh\u00f6rde<\/h3>\n<p>Sie haben das Recht, sich \u00fcber die Verarbeitung personenbezogenen Daten durch uns bei einer <strong>Aufsichtsbeh\u00f6rde<\/strong> f\u00fcr den Datenschutz zu beschweren.<\/p>\n<h3>\u00c4nderung dieser Datenschutzhinweise<\/h3>\n<p>Wir \u00fcberarbeiten diese Datenschutzhinweise bei \u00c4nderungen an dieser Internetseite oder bei sonstigen Anl\u00e4ssen, die dies erforderlich machen. Die jeweils aktuelle Fassung finden Sie stets auf dieser Internetseite<\/p>\n<p>Stand: 23.05.2018<\/p>\n<\/div><\/div><\/div><\/div><\/div><\/div><\/section><section class=\"l-section wpb_row height_auto width_full\"><div class=\"l-section-h i-cf\"><div class=\"g-cols vc_row via_grid cols_1 laptops-cols_inherit tablets-cols_inherit mobiles-cols_1 valign_top type_default stacking_default\"><div class=\"wpb_column vc_column_container\"><div class=\"vc_column-inner\"><section class=\"l-section wpb_row us_custom_168a50b7 us_animate_this height_small width_full\"><div class=\"l-section-h i-cf\"><div class=\"g-cols vc_row via_grid cols_1 laptops-cols_inherit tablets-cols_inherit mobiles-cols_1 valign_top type_default stacking_default\"><div class=\"wpb_column vc_column_container\"><div class=\"vc_column-inner\"><section class=\"l-section wpb_row height_auto width_full\"><div class=\"l-section-h i-cf\"><div class=\"g-cols vc_row via_grid cols_1 laptops-cols_inherit tablets-cols_inherit mobiles-cols_1 valign_top type_default stacking_default\"><div class=\"wpb_column vc_column_container\"><div class=\"vc_column-inner\"><div class=\"w-btn-wrapper align_center\"><a class=\"w-btn us-btn-style_2 icon_atleft\" title=\"tel:+493812523090\" href=\"tel:+493812523090\"><i class=\"fas fa-phone\"><\/i><span class=\"w-btn-label\">To reserve a table, please call 0381 2523090.<\/span><\/a><\/div><\/div><\/div><\/div><\/div><\/section>\n<div class=\"w-separator size_small with_line width_50 thick_3 style_solid color_primary align_center\"><div class=\"w-separator-h\"><\/div><\/div><\/div><\/div><\/div><\/div><\/section>\n<\/div><\/div><\/div><\/div><\/section>\n","protected":false},"excerpt":{"rendered":"[vc_custom_heading text=\"Privacy\" font_container=\"tag:h1|text_align:left\" use_theme_fonts=\"yes\"]Datenschutzhinweise Wir, die Rosmarino OHG, verarbeitet personenbezogene Daten. Dies erfolgt gem\u00e4\u00df den Bestimmungen der Europ\u00e4ischen Datenschutzgrundverordnung und des neuen Bundesdatenschutzgesetzes. Wir m\u00f6chten Sie nachfolgend \u00fcber die Verarbeitung personenbezogener Daten im Rahmen der Nutzung unserer Internetseiten informieren. Verantwortlicher Verantwortlicher f\u00fcr diese Internetseiten ist Rosmarino OHG S. Pirini und R. Pinna Adresse: Am Strande...","protected":false},"author":1,"featured_media":0,"parent":0,"menu_order":0,"comment_status":"closed","ping_status":"closed","template":"","meta":{"footnotes":""},"class_list":["post-158","page","type-page","status-publish","hentry"],"_links":{"self":[{"href":"https:\/\/www.rosmarino-rostock.de\/en\/wp-json\/wp\/v2\/pages\/158","targetHints":{"allow":["GET"]}}],"collection":[{"href":"https:\/\/www.rosmarino-rostock.de\/en\/wp-json\/wp\/v2\/pages"}],"about":[{"href":"https:\/\/www.rosmarino-rostock.de\/en\/wp-json\/wp\/v2\/types\/page"}],"author":[{"embeddable":true,"href":"https:\/\/www.rosmarino-rostock.de\/en\/wp-json\/wp\/v2\/users\/1"}],"replies":[{"embeddable":true,"href":"https:\/\/www.rosmarino-rostock.de\/en\/wp-json\/wp\/v2\/comments?post=158"}],"version-history":[{"count":8,"href":"https:\/\/www.rosmarino-rostock.de\/en\/wp-json\/wp\/v2\/pages\/158\/revisions"}],"predecessor-version":[{"id":457,"href":"https:\/\/www.rosmarino-rostock.de\/en\/wp-json\/wp\/v2\/pages\/158\/revisions\/457"}],"wp:attachment":[{"href":"https:\/\/www.rosmarino-rostock.de\/en\/wp-json\/wp\/v2\/media?parent=158"}],"curies":[{"name":"wp","href":"https:\/\/api.w.org\/{rel}","templated":true}]}}